{"id":1271,"date":"2024-07-12T17:55:05","date_gmt":"2024-07-12T15:55:05","guid":{"rendered":"https:\/\/www.congres2024-deuils-famille-orphelins.org\/?page_id=1271"},"modified":"2024-09-03T13:49:38","modified_gmt":"2024-09-03T11:49:38","slug":"informations-generales","status":"publish","type":"page","link":"https:\/\/www.congres2024-deuils-famille-orphelins.org\/index.php\/informations-generales\/","title":{"rendered":"Grand Prix Livre Deuil"},"content":{"rendered":"\t\t<div data-elementor-type=\"wp-page\" data-elementor-id=\"1271\" class=\"elementor elementor-1271\" data-elementor-post-type=\"page\">\n\t\t\t\t\t\t<section class=\"elementor-section elementor-top-section elementor-element elementor-element-d9ef538 elementor-section-boxed elementor-section-height-default elementor-section-height-default\" data-id=\"d9ef538\" data-element_type=\"section\" data-e-type=\"section\">\n\t\t\t\t\t\t<div class=\"elementor-container elementor-column-gap-default\">\n\t\t\t\t\t<div class=\"elementor-column elementor-col-100 elementor-top-column elementor-element elementor-element-1de75e5\" data-id=\"1de75e5\" data-element_type=\"column\" data-e-type=\"column\" data-settings=\"{&quot;background_background&quot;:&quot;classic&quot;}\">\n\t\t\t<div class=\"elementor-widget-wrap elementor-element-populated\">\n\t\t\t\t\t\t<div class=\"elementor-element elementor-element-859eb3a elementor-widget elementor-widget-heading\" data-id=\"859eb3a\" data-element_type=\"widget\" data-e-type=\"widget\" data-widget_type=\"heading.default\">\n\t\t\t\t<div class=\"elementor-widget-container\">\n\t\t\t\t\t<h1 class=\"elementor-heading-title elementor-size-default\">Deuils en famille ; orphelins d'un parent...<\/h1>\t\t\t\t<\/div>\n\t\t\t\t<\/div>\n\t\t\t\t\t<\/div>\n\t\t<\/div>\n\t\t\t\t\t<\/div>\n\t\t<\/section>\n\t\t<div class=\"elementor-element elementor-element-84d72b4 e-flex e-con-boxed e-con e-parent\" data-id=\"84d72b4\" data-element_type=\"container\" data-e-type=\"container\">\n\t\t\t\t\t<div class=\"e-con-inner\">\n\t\t\t\t<div class=\"elementor-element elementor-element-9d12d54 elementor-widget elementor-widget-heading\" data-id=\"9d12d54\" data-element_type=\"widget\" data-e-type=\"widget\" data-widget_type=\"heading.default\">\n\t\t\t\t<div class=\"elementor-widget-container\">\n\t\t\t\t\t<h2 class=\"elementor-heading-title elementor-size-default\">Congr\u00e8s 2024<\/h2>\t\t\t\t<\/div>\n\t\t\t\t<\/div>\n\t\t\t\t\t<\/div>\n\t\t\t\t<\/div>\n\t\t<div class=\"elementor-element elementor-element-30e23fc e-flex e-con-boxed e-con e-parent\" data-id=\"30e23fc\" data-element_type=\"container\" data-e-type=\"container\">\n\t\t\t\t\t<div class=\"e-con-inner\">\n\t\t\t\t<div class=\"elementor-element elementor-element-9b09ce5 elementor-widget elementor-widget-heading\" data-id=\"9b09ce5\" data-element_type=\"widget\" data-e-type=\"widget\" data-widget_type=\"heading.default\">\n\t\t\t\t<div class=\"elementor-widget-container\">\n\t\t\t\t\t<h2 class=\"elementor-heading-title elementor-size-default\">Grand Prix des meilleurs livres pour enfant parlant du deuil ou de l'orphelinage<\/h2>\t\t\t\t<\/div>\n\t\t\t\t<\/div>\n\t\t\t\t\t<\/div>\n\t\t\t\t<\/div>\n\t\t<div class=\"elementor-element elementor-element-11a53a8 e-flex e-con-boxed e-con e-parent\" data-id=\"11a53a8\" data-element_type=\"container\" data-e-type=\"container\">\n\t\t\t\t\t<div class=\"e-con-inner\">\n\t\t\t\t<div class=\"elementor-element elementor-element-0939908 elementor-widget elementor-widget-text-editor\" data-id=\"0939908\" data-element_type=\"widget\" data-e-type=\"widget\" data-widget_type=\"text-editor.default\">\n\t\t\t\t<div class=\"elementor-widget-container\">\n\t\t\t\t\t\t\t\t\t<h3>Prix \u00ab\u00a0Vivre son deuil Poitou-Charentes\u00a0\u00bb<\/h3><h3>2024<\/h3><h3>des meilleurs livres pour enfants parlant du deuil touchant les familles ou de l&rsquo;orphelinage.<\/h3>\t\t\t\t\t\t\t\t<\/div>\n\t\t\t\t<\/div>\n\t\t\t\t\t<\/div>\n\t\t\t\t<\/div>\n\t\t<div class=\"elementor-element elementor-element-d344e59 e-flex e-con-boxed e-con e-parent\" data-id=\"d344e59\" data-element_type=\"container\" data-e-type=\"container\">\n\t\t\t\t\t<div class=\"e-con-inner\">\n\t\t\t\t<div class=\"elementor-element elementor-element-ca4e73c elementor-widget elementor-widget-heading\" data-id=\"ca4e73c\" data-element_type=\"widget\" data-e-type=\"widget\" data-widget_type=\"heading.default\">\n\t\t\t\t<div class=\"elementor-widget-container\">\n\t\t\t\t\t<h4 class=\"elementor-heading-title elementor-size-default\">Objectifs<\/h4>\t\t\t\t<\/div>\n\t\t\t\t<\/div>\n\t\t\t\t\t<\/div>\n\t\t\t\t<\/div>\n\t\t<div class=\"elementor-element elementor-element-29b2a56 e-flex e-con-boxed e-con e-parent\" data-id=\"29b2a56\" data-element_type=\"container\" data-e-type=\"container\">\n\t\t\t\t\t<div class=\"e-con-inner\">\n\t\t\t\t<div class=\"elementor-element elementor-element-f65bead elementor-widget elementor-widget-text-editor\" data-id=\"f65bead\" data-element_type=\"widget\" data-e-type=\"widget\" data-widget_type=\"text-editor.default\">\n\t\t\t\t<div class=\"elementor-widget-container\">\n\t\t\t\t\t\t\t\t\t<p>Promouvoir la r\u00e9alisation et la diffusion des livres et des albums sur les deuils en famille et les orphelins aupr\u00e8s des enfants, des parents, des aidants et professionnels du m\u00e9dico-social.<\/p><p>M\u00e9diath\u00e8ques, librairies, centres socio-culturels et tous les acteurs agissant aupr\u00e8s des endeuill\u00e9s peuvent \u00eatre associ\u00e9s afin que les personnes frapp\u00e9es par une mort puissent trouver des ressources accessibles et de qualit\u00e9 adapt\u00e9es \u00e0 l&rsquo;\u00e2ge et au niveau de compr\u00e9hension de chaque enfant.<\/p>\t\t\t\t\t\t\t\t<\/div>\n\t\t\t\t<\/div>\n\t\t\t\t<div class=\"elementor-element elementor-element-049a477 elementor-widget elementor-widget-heading\" data-id=\"049a477\" data-element_type=\"widget\" data-e-type=\"widget\" data-widget_type=\"heading.default\">\n\t\t\t\t<div class=\"elementor-widget-container\">\n\t\t\t\t\t<h4 class=\"elementor-heading-title elementor-size-default\">Les quatre grands prix<\/h4>\t\t\t\t<\/div>\n\t\t\t\t<\/div>\n\t\t\t\t\t<\/div>\n\t\t\t\t<\/div>\n\t\t<div class=\"elementor-element elementor-element-1b693ee e-flex e-con-boxed e-con e-parent\" data-id=\"1b693ee\" data-element_type=\"container\" data-e-type=\"container\">\n\t\t\t\t\t<div class=\"e-con-inner\">\n\t\t\t\t<div class=\"elementor-element elementor-element-37bdcaa elementor-widget elementor-widget-text-editor\" data-id=\"37bdcaa\" data-element_type=\"widget\" data-e-type=\"widget\" data-widget_type=\"text-editor.default\">\n\t\t\t\t<div class=\"elementor-widget-container\">\n\t\t\t\t\t\t\t\t\t<ol><li>Albums pour enfants non-lecteurs<\/li><li>Livres pour enfants de classes primaires<\/li><li>Livres pour adolescents (coll\u00e8ges et lyc\u00e9es)<\/li><li>Le prix des parents<\/li><\/ol><p>Ann\u00e9e olympique : m\u00e9dailles d&rsquo;or, d&rsquo;argent et de bronze<\/p><p>Au total, 12 laur\u00e9ats<\/p>\t\t\t\t\t\t\t\t<\/div>\n\t\t\t\t<\/div>\n\t\t\t\t\t<\/div>\n\t\t\t\t<\/div>\n\t\t<div class=\"elementor-element elementor-element-fca267a e-flex e-con-boxed e-con e-parent\" data-id=\"fca267a\" data-element_type=\"container\" data-e-type=\"container\">\n\t\t\t\t\t<div class=\"e-con-inner\">\n\t\t\t\t<div class=\"elementor-element elementor-element-db25b6f elementor-widget elementor-widget-heading\" data-id=\"db25b6f\" data-element_type=\"widget\" data-e-type=\"widget\" data-widget_type=\"heading.default\">\n\t\t\t\t<div class=\"elementor-widget-container\">\n\t\t\t\t\t<h4 class=\"elementor-heading-title elementor-size-default\">Lieux des \u00e9v\u00e8nements<\/h4>\t\t\t\t<\/div>\n\t\t\t\t<\/div>\n\t\t\t\t\t<\/div>\n\t\t\t\t<\/div>\n\t\t<div class=\"elementor-element elementor-element-19ebd8a e-flex e-con-boxed e-con e-parent\" data-id=\"19ebd8a\" data-element_type=\"container\" data-e-type=\"container\">\n\t\t\t\t\t<div class=\"e-con-inner\">\n\t\t\t\t<div class=\"elementor-element elementor-element-e33124d elementor-widget elementor-widget-text-editor\" data-id=\"e33124d\" data-element_type=\"widget\" data-e-type=\"widget\" data-widget_type=\"text-editor.default\">\n\t\t\t\t<div class=\"elementor-widget-container\">\n\t\t\t\t\t\t\t\t\t<p>Diff\u00e9rentes villes du d\u00e9partement int\u00e9ress\u00e9es par une action sur leur territoire \u00ab\u00a0La Semaine d&rsquo;Avant\u00a0\u00bb ; m\u00e9diath\u00e8ques, librairies, centres socio-culturels, \u00e9coles&#8230;<\/p><p>Puis l&rsquo;Encan \u00e0 La Rochelle lors du Congr\u00e8s.<\/p>\t\t\t\t\t\t\t\t<\/div>\n\t\t\t\t<\/div>\n\t\t\t\t\t<\/div>\n\t\t\t\t<\/div>\n\t\t<div class=\"elementor-element elementor-element-7fec84c e-flex e-con-boxed e-con e-parent\" data-id=\"7fec84c\" data-element_type=\"container\" data-e-type=\"container\">\n\t\t\t\t\t<div class=\"e-con-inner\">\n\t\t\t\t<div class=\"elementor-element elementor-element-aff2cfe elementor-widget elementor-widget-heading\" data-id=\"aff2cfe\" data-element_type=\"widget\" data-e-type=\"widget\" data-widget_type=\"heading.default\">\n\t\t\t\t<div class=\"elementor-widget-container\">\n\t\t\t\t\t<h4 class=\"elementor-heading-title elementor-size-default\">Partenaires privil\u00e9gi\u00e9s<\/h4>\t\t\t\t<\/div>\n\t\t\t\t<\/div>\n\t\t\t\t\t<\/div>\n\t\t\t\t<\/div>\n\t\t<div class=\"elementor-element elementor-element-08a9ffc e-flex e-con-boxed e-con e-parent\" data-id=\"08a9ffc\" data-element_type=\"container\" data-e-type=\"container\">\n\t\t\t\t\t<div class=\"e-con-inner\">\n\t\t\t\t<div class=\"elementor-element elementor-element-af4bfb4 elementor-widget elementor-widget-text-editor\" data-id=\"af4bfb4\" data-element_type=\"widget\" data-e-type=\"widget\" data-widget_type=\"text-editor.default\">\n\t\t\t\t<div class=\"elementor-widget-container\">\n\t\t\t\t\t\t\t\t\t<p><img decoding=\"async\" class=\"alignnone  wp-image-1141\" src=\"https:\/\/www.congres2024-deuils-famille-orphelins.org\/wp-content\/uploads\/2024\/06\/logmediathequebaseline-contour-300x117.jpg\" alt=\"\" width=\"312\" height=\"122\" srcset=\"https:\/\/www.congres2024-deuils-famille-orphelins.org\/wp-content\/uploads\/2024\/06\/logmediathequebaseline-contour-300x117.jpg 300w, https:\/\/www.congres2024-deuils-famille-orphelins.org\/wp-content\/uploads\/2024\/06\/logmediathequebaseline-contour-1024x398.jpg 1024w, https:\/\/www.congres2024-deuils-famille-orphelins.org\/wp-content\/uploads\/2024\/06\/logmediathequebaseline-contour-768x299.jpg 768w, https:\/\/www.congres2024-deuils-famille-orphelins.org\/wp-content\/uploads\/2024\/06\/logmediathequebaseline-contour.jpg 1294w\" sizes=\"(max-width: 312px) 100vw, 312px\" \/> \u00a0 \u00a0 \u00a0 \u00a0 \u00a0 \u00a0 \u00a0 \u00a0 \u00a0 <img decoding=\"async\" class=\"alignnone  wp-image-1336\" src=\"https:\/\/www.congres2024-deuils-famille-orphelins.org\/wp-content\/uploads\/2024\/09\/logo-leclerc-cultu.png\" alt=\"\" width=\"115\" height=\"108\" \/><\/p>\t\t\t\t\t\t\t\t<\/div>\n\t\t\t\t<\/div>\n\t\t\t\t\t<\/div>\n\t\t\t\t<\/div>\n\t\t<div class=\"elementor-element elementor-element-afa5f56 e-flex e-con-boxed e-con e-parent\" data-id=\"afa5f56\" data-element_type=\"container\" data-e-type=\"container\">\n\t\t\t\t\t<div class=\"e-con-inner\">\n\t\t\t\t<div class=\"elementor-element elementor-element-9bcb742 elementor-shape-rounded elementor-grid-0 e-grid-align-center elementor-widget elementor-widget-social-icons\" data-id=\"9bcb742\" data-element_type=\"widget\" data-e-type=\"widget\" data-widget_type=\"social-icons.default\">\n\t\t\t\t<div class=\"elementor-widget-container\">\n\t\t\t\t\t\t\t<div class=\"elementor-social-icons-wrapper elementor-grid\" role=\"list\">\n\t\t\t\t\t\t\t<span class=\"elementor-grid-item\" role=\"listitem\">\n\t\t\t\t\t<a class=\"elementor-icon elementor-social-icon elementor-social-icon-facebook elementor-repeater-item-6c76d29\" href=\"https:\/\/www.facebook.com\/sharer\/sharer.php?u=https%3A%2F%2Fwww.helloasso.com%2Fassociations%2Frappeo-17%2Fevenements%2Fcongres-deuils-en-familles-orphelins-d-un-parent\" target=\"_blank\">\n\t\t\t\t\t\t<span class=\"elementor-screen-only\">Facebook<\/span>\n\t\t\t\t\t\t<svg aria-hidden=\"true\" class=\"e-font-icon-svg e-fab-facebook\" viewBox=\"0 0 512 512\" xmlns=\"http:\/\/www.w3.org\/2000\/svg\"><path d=\"M504 256C504 119 393 8 256 8S8 119 8 256c0 123.78 90.69 226.38 209.25 245V327.69h-63V256h63v-54.64c0-62.15 37-96.48 93.67-96.48 27.14 0 55.52 4.84 55.52 4.84v61h-31.28c-30.8 0-40.41 19.12-40.41 38.73V256h68.78l-11 71.69h-57.78V501C413.31 482.38 504 379.78 504 256z\"><\/path><\/svg>\t\t\t\t\t<\/a>\n\t\t\t\t<\/span>\n\t\t\t\t\t\t\t<span class=\"elementor-grid-item\" role=\"listitem\">\n\t\t\t\t\t<a class=\"elementor-icon elementor-social-icon elementor-social-icon-x-twitter elementor-repeater-item-453fd2f\" href=\"https:\/\/twitter.com\/intent\/post?text=\ud83d\uddd3%EF%B8%8F%20Inscrivez-vous%20d\u00e8s%20maintenant%20pour%20l\u2019\u00e9v\u00e9nement%20CONGRES%20-%20Deuils%20en%20Famille%20%3B%20Orphelins%20d\u2019un%20parent...%20%20%3A%20https%3A%2F%2Fwww.helloasso.com%2Fassociations%2Frappeo-17%2Fevenements%2Fcongres-deuils-en-familles-orphelins-d-un-parent%20%40helloasso\" target=\"_blank\">\n\t\t\t\t\t\t<span class=\"elementor-screen-only\">X-twitter<\/span>\n\t\t\t\t\t\t<svg aria-hidden=\"true\" class=\"e-font-icon-svg e-fab-x-twitter\" viewBox=\"0 0 512 512\" xmlns=\"http:\/\/www.w3.org\/2000\/svg\"><path d=\"M389.2 48h70.6L305.6 224.2 487 464H345L233.7 318.6 106.5 464H35.8L200.7 275.5 26.8 48H172.4L272.9 180.9 389.2 48zM364.4 421.8h39.1L151.1 88h-42L364.4 421.8z\"><\/path><\/svg>\t\t\t\t\t<\/a>\n\t\t\t\t<\/span>\n\t\t\t\t\t\t\t<span class=\"elementor-grid-item\" role=\"listitem\">\n\t\t\t\t\t<a class=\"elementor-icon elementor-social-icon elementor-social-icon-linkedin elementor-repeater-item-e7efb8a\" href=\"https:\/\/www.linkedin.com\/feed\/?linkOrigin=LI_BADGE&#038;shareActive=true&#038;shareUrl=https%3A%2F%2Fwww.helloasso.com%2Fassociations%2Frappeo-17%2Fevenements%2Fcongres-deuils-en-familles-orphelins-d-un-parent\" target=\"_blank\">\n\t\t\t\t\t\t<span class=\"elementor-screen-only\">Linkedin<\/span>\n\t\t\t\t\t\t<svg aria-hidden=\"true\" class=\"e-font-icon-svg e-fab-linkedin\" viewBox=\"0 0 448 512\" xmlns=\"http:\/\/www.w3.org\/2000\/svg\"><path d=\"M416 32H31.9C14.3 32 0 46.5 0 64.3v383.4C0 465.5 14.3 480 31.9 480H416c17.6 0 32-14.5 32-32.3V64.3c0-17.8-14.4-32.3-32-32.3zM135.4 416H69V202.2h66.5V416zm-33.2-243c-21.3 0-38.5-17.3-38.5-38.5S80.9 96 102.2 96c21.2 0 38.5 17.3 38.5 38.5 0 21.3-17.2 38.5-38.5 38.5zm282.1 243h-66.4V312c0-24.8-.5-56.7-34.5-56.7-34.6 0-39.9 27-39.9 54.9V416h-66.4V202.2h63.7v29.2h.9c8.9-16.8 30.6-34.5 62.9-34.5 67.2 0 79.7 44.3 79.7 101.9V416z\"><\/path><\/svg>\t\t\t\t\t<\/a>\n\t\t\t\t<\/span>\n\t\t\t\t\t<\/div>\n\t\t\t\t\t\t<\/div>\n\t\t\t\t<\/div>\n\t\t\t\t\t<\/div>\n\t\t\t\t<\/div>\n\t\t\t\t<\/div>\n\t\t","protected":false},"excerpt":{"rendered":"<p>Deuils en famille ; orphelins d&rsquo;un parent&#8230; Congr\u00e8s 2024 Grand Prix des meilleurs livres pour enfant parlant du deuil ou de l&rsquo;orphelinage Prix \u00ab\u00a0Vivre son deuil Poitou-Charentes\u00a0\u00bb 2024 des meilleurs livres pour enfants parlant du deuil touchant les familles ou de l&rsquo;orphelinage. Objectifs Promouvoir la r\u00e9alisation et la diffusion des livres et des albums sur [&hellip;]<\/p>\n","protected":false},"author":2,"featured_media":0,"parent":0,"menu_order":0,"comment_status":"closed","ping_status":"closed","template":"","meta":{"footnotes":""},"class_list":["post-1271","page","type-page","status-publish","hentry"],"yoast_head":"<!-- This site is optimized with the Yoast SEO plugin v27.1.1 - https:\/\/yoast.com\/product\/yoast-seo-wordpress\/ -->\n<title>Grand Prix Livre Deuil - Congr\u00e8s 2024 deuils orphelins<\/title>\n<meta name=\"robots\" content=\"index, follow, max-snippet:-1, max-image-preview:large, max-video-preview:-1\" \/>\n<link rel=\"canonical\" href=\"https:\/\/www.congres2024-deuils-famille-orphelins.org\/index.php\/informations-generales\/\" \/>\n<meta property=\"og:locale\" content=\"fr_FR\" \/>\n<meta property=\"og:type\" content=\"article\" \/>\n<meta property=\"og:title\" content=\"Grand Prix Livre Deuil - Congr\u00e8s 2024 deuils orphelins\" \/>\n<meta property=\"og:description\" content=\"Deuils en famille ; orphelins d&rsquo;un parent&#8230; Congr\u00e8s 2024 Grand Prix des meilleurs livres pour enfant parlant du deuil ou de l&rsquo;orphelinage Prix \u00ab\u00a0Vivre son deuil Poitou-Charentes\u00a0\u00bb 2024 des meilleurs livres pour enfants parlant du deuil touchant les familles ou de l&rsquo;orphelinage. Objectifs Promouvoir la r\u00e9alisation et la diffusion des livres et des albums sur [&hellip;]\" \/>\n<meta property=\"og:url\" content=\"https:\/\/www.congres2024-deuils-famille-orphelins.org\/index.php\/informations-generales\/\" \/>\n<meta property=\"og:site_name\" content=\"Congr\u00e8s 2024 deuils orphelins\" \/>\n<meta property=\"article:modified_time\" content=\"2024-09-03T11:49:38+00:00\" \/>\n<meta property=\"og:image\" content=\"https:\/\/www.congres2024-deuils-famille-orphelins.org\/wp-content\/uploads\/2024\/06\/logmediathequebaseline-contour-300x117.jpg\" \/>\n<meta name=\"twitter:card\" content=\"summary_large_image\" \/>\n<meta name=\"twitter:label1\" content=\"Dur\u00e9e de lecture estim\u00e9e\" \/>\n\t<meta name=\"twitter:data1\" content=\"2 minutes\" \/>\n<script type=\"application\/ld+json\" class=\"yoast-schema-graph\">{\"@context\":\"https:\/\/schema.org\",\"@graph\":[{\"@type\":\"WebPage\",\"@id\":\"https:\/\/www.congres2024-deuils-famille-orphelins.org\/index.php\/informations-generales\/\",\"url\":\"https:\/\/www.congres2024-deuils-famille-orphelins.org\/index.php\/informations-generales\/\",\"name\":\"Grand Prix Livre Deuil - Congr\u00e8s 2024 deuils orphelins\",\"isPartOf\":{\"@id\":\"https:\/\/www.congres2024-deuils-famille-orphelins.org\/#website\"},\"primaryImageOfPage\":{\"@id\":\"https:\/\/www.congres2024-deuils-famille-orphelins.org\/index.php\/informations-generales\/#primaryimage\"},\"image\":{\"@id\":\"https:\/\/www.congres2024-deuils-famille-orphelins.org\/index.php\/informations-generales\/#primaryimage\"},\"thumbnailUrl\":\"https:\/\/www.congres2024-deuils-famille-orphelins.org\/wp-content\/uploads\/2024\/06\/logmediathequebaseline-contour-300x117.jpg\",\"datePublished\":\"2024-07-12T15:55:05+00:00\",\"dateModified\":\"2024-09-03T11:49:38+00:00\",\"breadcrumb\":{\"@id\":\"https:\/\/www.congres2024-deuils-famille-orphelins.org\/index.php\/informations-generales\/#breadcrumb\"},\"inLanguage\":\"fr-FR\",\"potentialAction\":[{\"@type\":\"ReadAction\",\"target\":[\"https:\/\/www.congres2024-deuils-famille-orphelins.org\/index.php\/informations-generales\/\"]}]},{\"@type\":\"ImageObject\",\"inLanguage\":\"fr-FR\",\"@id\":\"https:\/\/www.congres2024-deuils-famille-orphelins.org\/index.php\/informations-generales\/#primaryimage\",\"url\":\"https:\/\/www.congres2024-deuils-famille-orphelins.org\/wp-content\/uploads\/2024\/06\/logmediathequebaseline-contour.jpg\",\"contentUrl\":\"https:\/\/www.congres2024-deuils-famille-orphelins.org\/wp-content\/uploads\/2024\/06\/logmediathequebaseline-contour.jpg\",\"width\":1294,\"height\":503},{\"@type\":\"BreadcrumbList\",\"@id\":\"https:\/\/www.congres2024-deuils-famille-orphelins.org\/index.php\/informations-generales\/#breadcrumb\",\"itemListElement\":[{\"@type\":\"ListItem\",\"position\":1,\"name\":\"Accueil\",\"item\":\"https:\/\/www.congres2024-deuils-famille-orphelins.org\/\"},{\"@type\":\"ListItem\",\"position\":2,\"name\":\"Grand Prix Livre Deuil\"}]},{\"@type\":\"WebSite\",\"@id\":\"https:\/\/www.congres2024-deuils-famille-orphelins.org\/#website\",\"url\":\"https:\/\/www.congres2024-deuils-famille-orphelins.org\/\",\"name\":\"Congr\u00e8s 2024 deuils orphelins\",\"description\":\"\",\"publisher\":{\"@id\":\"https:\/\/www.congres2024-deuils-famille-orphelins.org\/#organization\"},\"potentialAction\":[{\"@type\":\"SearchAction\",\"target\":{\"@type\":\"EntryPoint\",\"urlTemplate\":\"https:\/\/www.congres2024-deuils-famille-orphelins.org\/?s={search_term_string}\"},\"query-input\":{\"@type\":\"PropertyValueSpecification\",\"valueRequired\":true,\"valueName\":\"search_term_string\"}}],\"inLanguage\":\"fr-FR\"},{\"@type\":\"Organization\",\"@id\":\"https:\/\/www.congres2024-deuils-famille-orphelins.org\/#organization\",\"name\":\"Congr\u00e8s 2024 deuils orphelins\",\"url\":\"https:\/\/www.congres2024-deuils-famille-orphelins.org\/\",\"logo\":{\"@type\":\"ImageObject\",\"inLanguage\":\"fr-FR\",\"@id\":\"https:\/\/www.congres2024-deuils-famille-orphelins.org\/#\/schema\/logo\/image\/\",\"url\":\"https:\/\/www.congres2024-deuils-famille-orphelins.org\/wp-content\/uploads\/2024\/03\/cropped-LOGO-VSDPC2.jpg\",\"contentUrl\":\"https:\/\/www.congres2024-deuils-famille-orphelins.org\/wp-content\/uploads\/2024\/03\/cropped-LOGO-VSDPC2.jpg\",\"width\":980,\"height\":280,\"caption\":\"Congr\u00e8s 2024 deuils orphelins\"},\"image\":{\"@id\":\"https:\/\/www.congres2024-deuils-famille-orphelins.org\/#\/schema\/logo\/image\/\"}}]}<\/script>\n<!-- \/ Yoast SEO plugin. -->","yoast_head_json":{"title":"Grand Prix Livre Deuil - Congr\u00e8s 2024 deuils orphelins","robots":{"index":"index","follow":"follow","max-snippet":"max-snippet:-1","max-image-preview":"max-image-preview:large","max-video-preview":"max-video-preview:-1"},"canonical":"https:\/\/www.congres2024-deuils-famille-orphelins.org\/index.php\/informations-generales\/","og_locale":"fr_FR","og_type":"article","og_title":"Grand Prix Livre Deuil - Congr\u00e8s 2024 deuils orphelins","og_description":"Deuils en famille ; orphelins d&rsquo;un parent&#8230; Congr\u00e8s 2024 Grand Prix des meilleurs livres pour enfant parlant du deuil ou de l&rsquo;orphelinage Prix \u00ab\u00a0Vivre son deuil Poitou-Charentes\u00a0\u00bb 2024 des meilleurs livres pour enfants parlant du deuil touchant les familles ou de l&rsquo;orphelinage. Objectifs Promouvoir la r\u00e9alisation et la diffusion des livres et des albums sur [&hellip;]","og_url":"https:\/\/www.congres2024-deuils-famille-orphelins.org\/index.php\/informations-generales\/","og_site_name":"Congr\u00e8s 2024 deuils orphelins","article_modified_time":"2024-09-03T11:49:38+00:00","og_image":[{"url":"https:\/\/www.congres2024-deuils-famille-orphelins.org\/wp-content\/uploads\/2024\/06\/logmediathequebaseline-contour-300x117.jpg","type":"","width":"","height":""}],"twitter_card":"summary_large_image","twitter_misc":{"Dur\u00e9e de lecture estim\u00e9e":"2 minutes"},"schema":{"@context":"https:\/\/schema.org","@graph":[{"@type":"WebPage","@id":"https:\/\/www.congres2024-deuils-famille-orphelins.org\/index.php\/informations-generales\/","url":"https:\/\/www.congres2024-deuils-famille-orphelins.org\/index.php\/informations-generales\/","name":"Grand Prix Livre Deuil - Congr\u00e8s 2024 deuils orphelins","isPartOf":{"@id":"https:\/\/www.congres2024-deuils-famille-orphelins.org\/#website"},"primaryImageOfPage":{"@id":"https:\/\/www.congres2024-deuils-famille-orphelins.org\/index.php\/informations-generales\/#primaryimage"},"image":{"@id":"https:\/\/www.congres2024-deuils-famille-orphelins.org\/index.php\/informations-generales\/#primaryimage"},"thumbnailUrl":"https:\/\/www.congres2024-deuils-famille-orphelins.org\/wp-content\/uploads\/2024\/06\/logmediathequebaseline-contour-300x117.jpg","datePublished":"2024-07-12T15:55:05+00:00","dateModified":"2024-09-03T11:49:38+00:00","breadcrumb":{"@id":"https:\/\/www.congres2024-deuils-famille-orphelins.org\/index.php\/informations-generales\/#breadcrumb"},"inLanguage":"fr-FR","potentialAction":[{"@type":"ReadAction","target":["https:\/\/www.congres2024-deuils-famille-orphelins.org\/index.php\/informations-generales\/"]}]},{"@type":"ImageObject","inLanguage":"fr-FR","@id":"https:\/\/www.congres2024-deuils-famille-orphelins.org\/index.php\/informations-generales\/#primaryimage","url":"https:\/\/www.congres2024-deuils-famille-orphelins.org\/wp-content\/uploads\/2024\/06\/logmediathequebaseline-contour.jpg","contentUrl":"https:\/\/www.congres2024-deuils-famille-orphelins.org\/wp-content\/uploads\/2024\/06\/logmediathequebaseline-contour.jpg","width":1294,"height":503},{"@type":"BreadcrumbList","@id":"https:\/\/www.congres2024-deuils-famille-orphelins.org\/index.php\/informations-generales\/#breadcrumb","itemListElement":[{"@type":"ListItem","position":1,"name":"Accueil","item":"https:\/\/www.congres2024-deuils-famille-orphelins.org\/"},{"@type":"ListItem","position":2,"name":"Grand Prix Livre Deuil"}]},{"@type":"WebSite","@id":"https:\/\/www.congres2024-deuils-famille-orphelins.org\/#website","url":"https:\/\/www.congres2024-deuils-famille-orphelins.org\/","name":"Congr\u00e8s 2024 deuils orphelins","description":"","publisher":{"@id":"https:\/\/www.congres2024-deuils-famille-orphelins.org\/#organization"},"potentialAction":[{"@type":"SearchAction","target":{"@type":"EntryPoint","urlTemplate":"https:\/\/www.congres2024-deuils-famille-orphelins.org\/?s={search_term_string}"},"query-input":{"@type":"PropertyValueSpecification","valueRequired":true,"valueName":"search_term_string"}}],"inLanguage":"fr-FR"},{"@type":"Organization","@id":"https:\/\/www.congres2024-deuils-famille-orphelins.org\/#organization","name":"Congr\u00e8s 2024 deuils orphelins","url":"https:\/\/www.congres2024-deuils-famille-orphelins.org\/","logo":{"@type":"ImageObject","inLanguage":"fr-FR","@id":"https:\/\/www.congres2024-deuils-famille-orphelins.org\/#\/schema\/logo\/image\/","url":"https:\/\/www.congres2024-deuils-famille-orphelins.org\/wp-content\/uploads\/2024\/03\/cropped-LOGO-VSDPC2.jpg","contentUrl":"https:\/\/www.congres2024-deuils-famille-orphelins.org\/wp-content\/uploads\/2024\/03\/cropped-LOGO-VSDPC2.jpg","width":980,"height":280,"caption":"Congr\u00e8s 2024 deuils orphelins"},"image":{"@id":"https:\/\/www.congres2024-deuils-famille-orphelins.org\/#\/schema\/logo\/image\/"}}]}},"_links":{"self":[{"href":"https:\/\/www.congres2024-deuils-famille-orphelins.org\/index.php\/wp-json\/wp\/v2\/pages\/1271","targetHints":{"allow":["GET"]}}],"collection":[{"href":"https:\/\/www.congres2024-deuils-famille-orphelins.org\/index.php\/wp-json\/wp\/v2\/pages"}],"about":[{"href":"https:\/\/www.congres2024-deuils-famille-orphelins.org\/index.php\/wp-json\/wp\/v2\/types\/page"}],"author":[{"embeddable":true,"href":"https:\/\/www.congres2024-deuils-famille-orphelins.org\/index.php\/wp-json\/wp\/v2\/users\/2"}],"replies":[{"embeddable":true,"href":"https:\/\/www.congres2024-deuils-famille-orphelins.org\/index.php\/wp-json\/wp\/v2\/comments?post=1271"}],"version-history":[{"count":19,"href":"https:\/\/www.congres2024-deuils-famille-orphelins.org\/index.php\/wp-json\/wp\/v2\/pages\/1271\/revisions"}],"predecessor-version":[{"id":1340,"href":"https:\/\/www.congres2024-deuils-famille-orphelins.org\/index.php\/wp-json\/wp\/v2\/pages\/1271\/revisions\/1340"}],"wp:attachment":[{"href":"https:\/\/www.congres2024-deuils-famille-orphelins.org\/index.php\/wp-json\/wp\/v2\/media?parent=1271"}],"curies":[{"name":"wp","href":"https:\/\/api.w.org\/{rel}","templated":true}]}}